{"id":48,"date":"2021-03-31T14:52:38","date_gmt":"2021-03-31T12:52:38","guid":{"rendered":"http:\/\/www.rallu.fr\/?page_id=48"},"modified":"2021-05-20T12:13:22","modified_gmt":"2021-05-20T10:13:22","slug":"le-savoir-faire","status":"publish","type":"page","link":"https:\/\/www.rallu.fr\/index.php\/lentreprise\/le-savoir-faire\/","title":{"rendered":"Le savoir faire"},"content":{"rendered":"\n<p><\/p>\n\n\n\n<div class=\"wp-block-media-text alignwide is-image-fill\"><figure class=\"wp-block-media-text__media\" style=\"background-image:url(https:\/\/www.rallu.fr\/wp-content\/uploads\/2021\/05\/NOYAL-01-1024x768.jpg);background-position:50% 50%\"><img loading=\"lazy\" decoding=\"async\" width=\"1024\" height=\"768\" src=\"https:\/\/www.rallu.fr\/wp-content\/uploads\/2021\/05\/NOYAL-01-1024x768.jpg\" alt=\"\" class=\"wp-image-263\" srcset=\"https:\/\/www.rallu.fr\/wp-content\/uploads\/2021\/05\/NOYAL-01-1024x768.jpg 1024w, https:\/\/www.rallu.fr\/wp-content\/uploads\/2021\/05\/NOYAL-01-300x225.jpg 300w, https:\/\/www.rallu.fr\/wp-content\/uploads\/2021\/05\/NOYAL-01-768x576.jpg 768w, https:\/\/www.rallu.fr\/wp-content\/uploads\/2021\/05\/NOYAL-01-1536x1152.jpg 1536w, https:\/\/www.rallu.fr\/wp-content\/uploads\/2021\/05\/NOYAL-01.jpg 2016w\" sizes=\"(max-width: 1024px) 100vw, 1024px\" \/><\/figure><div class=\"wp-block-media-text__content\">\n<p>Avec plus d\u2019une centaine d\u2019ann\u00e9e d\u2019exp\u00e9rience,&nbsp;<strong>RALLU Transports<\/strong>&nbsp;n\u2019a eu de cesse que d\u2019innover avec ses clients afin de r\u00e9pondre au mieux \u00e0 la notion de partenariat, essentielle pour notre entreprise dont la priorit\u00e9 est d\u2019\u00eatre toujours force de proposition et d\u2019optimisation des flux de marchandises qui nous sont confi\u00e9s.<\/p>\n\n\n\n<p>Pour ce faire, notre soci\u00e9t\u00e9 prend en charge la totalit\u00e9 de vos exp\u00e9ditions, gr\u00e2ce \u00e0 des \u00e9quipes impliqu\u00e9es et rigoureuses, g\u00e9rant au mieux vos int\u00e9r\u00eats au quotidien.<\/p>\n\n\n\n<p>Chacun de vos besoins est \u00e9tudi\u00e9 avec minutie, car nous sommes aussi vos meilleurs repr\u00e9sentants aupr\u00e8s de vos donneurs d\u2019ordre.&nbsp;&nbsp;<\/p>\n\n\n\n<p>L\u2019ensemble de notre personnel est particuli\u00e8rement sensibilis\u00e9 \u00e0 la qualit\u00e9 des prestations que nous fournissons \u00e0 nos clients. Chaque salari\u00e9 de l\u2019entreprise \u00e0 un r\u00f4le cruciale dans la fid\u00e9lisation de nos partenaires chargeurs, et l\u2019image de marque est au centre de tous les int\u00e9r\u00eats chez&nbsp;<strong>RALLU Transports<\/strong>.<\/p>\n<\/div><\/div>\n\n\n\n<div style=\"height:30px\" aria-hidden=\"true\" class=\"wp-block-spacer\"><\/div>\n\n\n\n<p>Aucune faille ne doit \u00eatre autoris\u00e9e, et chacun se doit d\u2019\u00eatre irr\u00e9prochable dans la mission qui lui est confi\u00e9e. De la prise de commande, \u00e0 la saisie, en passant par la transmission des informations \u00e0 nos conducteurs, les documents de transports bien remplis, des chauffeurs qui sont nos meilleurs ambassadeurs, la facturation conforme \u00e0 ce qui a \u00e9t\u00e9 command\u00e9, le suivi des emballages et du SAV\u2026.<\/p>\n\n\n\n<p class=\"has-text-align-left\">Tout a son importance pour apporter \u00e0 nos clients ce pourquoi aujourd\u2019hui ils font toujours confiance \u00e0&nbsp;<strong>RALLU Transports<\/strong>&nbsp;pour transporter et stocker leurs produits.<\/p>\n\n\n\n<hr class=\"wp-block-separator\"\/>\n\n\n\n<h2 class=\"has-text-align-center wp-block-heading\"><em>SANS CONFIANCE, PAS DE FIABILIT\u00c9<\/em><\/h2>\n\n\n\n<hr class=\"wp-block-separator\"\/>\n\n\n\n<p>Nous disposons donc de moyens techniques performants et r\u00e9cents, tout en gardant l\u2019esprit humain et relationnel au c\u0153ur de notre d\u00e9veloppement.<\/p>\n\n\n\n<p>L\u2019ensemble de notre flotte est ainsi \u00e9quip\u00e9 des derni\u00e8res technologies d\u2019informatique embarqu\u00e9e, assurant ainsi \u00e0 notre client\u00e8le, la tra\u00e7abilit\u00e9 de l\u2019ensemble des flux transports et logistiques nous \u00e9tant confi\u00e9s.<\/p>\n\n\n\n<p>Nos exigences sont bien \u00e9videmment appliqu\u00e9es \u00e0 nos partenaires desservants le reste de la France et de l\u2019Europe pour le compte de&nbsp;<strong>RALLU Transports<\/strong>.<\/p>\n\n\n\n<hr class=\"wp-block-separator\"\/>\n\n\n\n<h2 class=\"has-text-align-center wp-block-heading\"><em>S\u00c9CURIT\u00c9, MAITRE MOT<\/em><\/h2>\n\n\n\n<hr class=\"wp-block-separator\"\/>\n\n\n\n<div class=\"wp-block-media-text alignwide has-media-on-the-right is-image-fill\"><figure class=\"wp-block-media-text__media\" style=\"background-image:url(https:\/\/www.rallu.fr\/wp-content\/uploads\/2021\/05\/NOYAL-03-1024x768.jpg);background-position:50% 50%\"><img loading=\"lazy\" decoding=\"async\" width=\"1024\" height=\"768\" src=\"https:\/\/www.rallu.fr\/wp-content\/uploads\/2021\/05\/NOYAL-03-1024x768.jpg\" alt=\"\" class=\"wp-image-264\" srcset=\"https:\/\/www.rallu.fr\/wp-content\/uploads\/2021\/05\/NOYAL-03-1024x768.jpg 1024w, https:\/\/www.rallu.fr\/wp-content\/uploads\/2021\/05\/NOYAL-03-300x225.jpg 300w, https:\/\/www.rallu.fr\/wp-content\/uploads\/2021\/05\/NOYAL-03-768x576.jpg 768w, https:\/\/www.rallu.fr\/wp-content\/uploads\/2021\/05\/NOYAL-03-1536x1152.jpg 1536w, https:\/\/www.rallu.fr\/wp-content\/uploads\/2021\/05\/NOYAL-03.jpg 2016w\" sizes=\"(max-width: 1024px) 100vw, 1024px\" \/><\/figure><div class=\"wp-block-media-text__content\">\n<p>Que ce soit en transport ou en entreposage, tous nos v\u00e9hicules et b\u00e2timents sont s\u00e9curis\u00e9s, avec syst\u00e8mes de vid\u00e9osurveillance, alarmes, d\u00e9tecteurs de mouvements, tout cela au service de nos clients.<\/p>\n\n\n\n<p>Toute marchandise transitant par nos quais et\/ou nos camions et informatiquement et physiquement suivie depuis sa prise en charge, jusqu\u2019\u00e0 sa livraison finale. Une remont\u00e9e d\u2019information vous est faite syst\u00e9matiquement lorsque la prestation a \u00e9t\u00e9 effectu\u00e9e, avec la lettre de voiture vous \u00e9tant transmise quasi en temps r\u00e9el.<\/p>\n\n\n\n<p>Nos conducteurs suivent bien \u00e9videmment des formations obligatoires dans le cadre de leurs fonctions, mais ils sont aussi sensibilis\u00e9s sur les normes de s\u00e9curit\u00e9 pour eux-m\u00eames, leurs v\u00e9hicules et la marchandise qu\u2019ils transportent. A l\u2019heure ou r\u00e9guli\u00e8rement, les v\u00e9hicules qui circulent sur nos routes sont sans cesse soumis \u00e0 des effractions aboutissants \u00e0 des vols r\u00e9guliers de marchandise, il est d\u2019autant plus important de ne jamais rel\u00e2cher la pression sur l\u2019importance de mettre son v\u00e9hicule en s\u00e9curit\u00e9 lorsque l\u2019on fait une pause journali\u00e8re.<\/p>\n<\/div><\/div>\n","protected":false},"excerpt":{"rendered":"<p>Avec plus d\u2019une centaine d\u2019ann\u00e9e d\u2019exp\u00e9rience,&nbsp;RALLU Transports&nbsp;n\u2019a eu de cesse que d\u2019innover avec ses clients afin de r\u00e9pondre au mieux \u00e0 la notion de partenariat, essentielle pour notre entreprise dont &#8230;<\/p>\n","protected":false},"author":1,"featured_media":119,"parent":44,"menu_order":0,"comment_status":"closed","ping_status":"closed","template":"template-fullwidth.php","meta":{"footnotes":""},"class_list":["post-48","page","type-page","status-publish","has-post-thumbnail","hentry"],"_links":{"self":[{"href":"https:\/\/www.rallu.fr\/index.php\/wp-json\/wp\/v2\/pages\/48"}],"collection":[{"href":"https:\/\/www.rallu.fr\/index.php\/wp-json\/wp\/v2\/pages"}],"about":[{"href":"https:\/\/www.rallu.fr\/index.php\/wp-json\/wp\/v2\/types\/page"}],"author":[{"embeddable":true,"href":"https:\/\/www.rallu.fr\/index.php\/wp-json\/wp\/v2\/users\/1"}],"replies":[{"embeddable":true,"href":"https:\/\/www.rallu.fr\/index.php\/wp-json\/wp\/v2\/comments?post=48"}],"version-history":[{"count":7,"href":"https:\/\/www.rallu.fr\/index.php\/wp-json\/wp\/v2\/pages\/48\/revisions"}],"predecessor-version":[{"id":265,"href":"https:\/\/www.rallu.fr\/index.php\/wp-json\/wp\/v2\/pages\/48\/revisions\/265"}],"up":[{"embeddable":true,"href":"https:\/\/www.rallu.fr\/index.php\/wp-json\/wp\/v2\/pages\/44"}],"wp:featuredmedia":[{"embeddable":true,"href":"https:\/\/www.rallu.fr\/index.php\/wp-json\/wp\/v2\/media\/119"}],"wp:attachment":[{"href":"https:\/\/www.rallu.fr\/index.php\/wp-json\/wp\/v2\/media?parent=48"}],"curies":[{"name":"wp","href":"https:\/\/api.w.org\/{rel}","templated":true}]}}