{"id":40,"date":"2021-03-31T14:46:49","date_gmt":"2021-03-31T12:46:49","guid":{"rendered":"http:\/\/www.rallu.fr\/?page_id=40"},"modified":"2021-05-20T11:56:15","modified_gmt":"2021-05-20T09:56:15","slug":"entreposage-logistique","status":"publish","type":"page","link":"https:\/\/www.rallu.fr\/index.php\/logistique\/entreposage-logistique\/","title":{"rendered":"Entreposage Logistique"},"content":{"rendered":"\n<div class=\"wp-block-media-text alignwide has-media-on-the-right is-stacked-on-mobile is-image-fill\"><figure class=\"wp-block-media-text__media\" style=\"background-image:url(https:\/\/www.rallu.fr\/wp-content\/uploads\/2021\/05\/NOYAL-02-1024x768.jpg);background-position:50% 50%\"><img loading=\"lazy\" decoding=\"async\" width=\"1024\" height=\"768\" src=\"https:\/\/www.rallu.fr\/wp-content\/uploads\/2021\/05\/NOYAL-02-1024x768.jpg\" alt=\"\" class=\"wp-image-258\" srcset=\"https:\/\/www.rallu.fr\/wp-content\/uploads\/2021\/05\/NOYAL-02-1024x768.jpg 1024w, https:\/\/www.rallu.fr\/wp-content\/uploads\/2021\/05\/NOYAL-02-300x225.jpg 300w, https:\/\/www.rallu.fr\/wp-content\/uploads\/2021\/05\/NOYAL-02-768x576.jpg 768w, https:\/\/www.rallu.fr\/wp-content\/uploads\/2021\/05\/NOYAL-02-1536x1152.jpg 1536w, https:\/\/www.rallu.fr\/wp-content\/uploads\/2021\/05\/NOYAL-02.jpg 2016w\" sizes=\"(max-width: 1024px) 100vw, 1024px\" \/><\/figure><div class=\"wp-block-media-text__content\">\n<p><strong>D\u00e9chargement de vos marchandises dans nos entrep\u00f4ts.<\/strong><\/p>\n\n\n\n<ul class=\"wp-block-list\"><li>Assurer la r\u00e9ception de vos produits, et la conformit\u00e9 des marchandises,<\/li><li>Gestion informatique de vos rentr\u00e9es en stock,<\/li><li>G\u00e9rer la mise en rack de vos palettes,<\/li><li>S\u00e9curisation des biens,<\/li><li>Pr\u00e9parer vos commandes&nbsp;\/ picking,<\/li><li>Passage \u00e0 quai,<\/li><li>R\u00e9exp\u00e9dition de vos marchandises avec sorties physiques et informatiques<\/li><\/ul>\n<\/div><\/div>\n\n\n\n<div style=\"height:60px\" aria-hidden=\"true\" class=\"wp-block-spacer\"><\/div>\n\n\n\n<div class=\"wp-block-buttons aligncenter is-layout-flex wp-block-buttons-is-layout-flex\">\n<div class=\"wp-block-button\"><a class=\"wp-block-button__link has-text-color has-background\" href=\"http:\/\/www.rallu.fr\/index.php\/contact\/\" style=\"border-radius:2px;background-color:#801d25;color:#fffffa\">NOUS CONTACTER<\/a><\/div>\n<\/div>\n","protected":false},"excerpt":{"rendered":"<p>D\u00e9chargement de vos marchandises dans nos entrep\u00f4ts. Assurer la r\u00e9ception de vos produits, et la conformit\u00e9 des marchandises, Gestion informatique de vos rentr\u00e9es en stock, G\u00e9rer la mise en rack &#8230;<\/p>\n","protected":false},"author":1,"featured_media":0,"parent":38,"menu_order":0,"comment_status":"closed","ping_status":"closed","template":"template-fullwidth.php","meta":{"footnotes":""},"class_list":["post-40","page","type-page","status-publish","hentry"],"_links":{"self":[{"href":"https:\/\/www.rallu.fr\/index.php\/wp-json\/wp\/v2\/pages\/40"}],"collection":[{"href":"https:\/\/www.rallu.fr\/index.php\/wp-json\/wp\/v2\/pages"}],"about":[{"href":"https:\/\/www.rallu.fr\/index.php\/wp-json\/wp\/v2\/types\/page"}],"author":[{"embeddable":true,"href":"https:\/\/www.rallu.fr\/index.php\/wp-json\/wp\/v2\/users\/1"}],"replies":[{"embeddable":true,"href":"https:\/\/www.rallu.fr\/index.php\/wp-json\/wp\/v2\/comments?post=40"}],"version-history":[{"count":4,"href":"https:\/\/www.rallu.fr\/index.php\/wp-json\/wp\/v2\/pages\/40\/revisions"}],"predecessor-version":[{"id":259,"href":"https:\/\/www.rallu.fr\/index.php\/wp-json\/wp\/v2\/pages\/40\/revisions\/259"}],"up":[{"embeddable":true,"href":"https:\/\/www.rallu.fr\/index.php\/wp-json\/wp\/v2\/pages\/38"}],"wp:attachment":[{"href":"https:\/\/www.rallu.fr\/index.php\/wp-json\/wp\/v2\/media?parent=40"}],"curies":[{"name":"wp","href":"https:\/\/api.w.org\/{rel}","templated":true}]}}