{"id":36,"date":"2021-03-31T14:38:31","date_gmt":"2021-03-31T12:38:31","guid":{"rendered":"http:\/\/www.rallu.fr\/?page_id=36"},"modified":"2021-04-14T14:20:15","modified_gmt":"2021-04-14T12:20:15","slug":"distribution-ramasse-de-1-a-5-palettes","status":"publish","type":"page","link":"https:\/\/www.rallu.fr\/index.php\/transport\/distribution-ramasse-de-1-a-5-palettes\/","title":{"rendered":"Distribution\/Ramasse de 1 \u00e0 5 palettes"},"content":{"rendered":"\n<div class=\"wp-block-media-text alignwide has-media-on-the-right is-stacked-on-mobile\"><figure class=\"wp-block-media-text__media\"><img loading=\"lazy\" decoding=\"async\" width=\"800\" height=\"533\" src=\"http:\/\/www.rallu.fr\/wp-content\/uploads\/2021\/04\/distribution-ramasse-palettes-1.jpg\" alt=\"\" class=\"wp-image-150\" srcset=\"https:\/\/www.rallu.fr\/wp-content\/uploads\/2021\/04\/distribution-ramasse-palettes-1.jpg 800w, https:\/\/www.rallu.fr\/wp-content\/uploads\/2021\/04\/distribution-ramasse-palettes-1-300x200.jpg 300w, https:\/\/www.rallu.fr\/wp-content\/uploads\/2021\/04\/distribution-ramasse-palettes-1-768x512.jpg 768w\" sizes=\"(max-width: 800px) 100vw, 800px\" \/><\/figure><div class=\"wp-block-media-text__content\">\n<ul class=\"wp-block-list\"><li>Ramasse toute France de lots palettis\u00e9s de 1 \u00e0 5 palettes,<\/li><li>Massification sur plateforme centrale FLO, bas\u00e9e \u00e0 Gidy 45,<\/li><li>Distribution en 24\/48\/72h00 toute France,<\/li><li>Livraisons semi\/porteur \u00e9quip\u00e9 de hayon,<\/li><li>R\u00e9c\u00e9piss\u00e9 \u00e9marg\u00e9 consultable en temps r\u00e9el sur r\u00e9seau FLO<\/li><\/ul>\n\n\n\n<div class=\"wp-block-image\"><figure class=\"aligncenter size-large is-resized\"><img loading=\"lazy\" decoding=\"async\" src=\"https:\/\/www.rallu.fr\/wp-content\/uploads\/2021\/04\/flo-palettes-250.png\" alt=\"\" class=\"wp-image-203\" width=\"195\" height=\"123\"\/><\/figure><\/div>\n<\/div><\/div>\n\n\n\n<div style=\"height:60px\" aria-hidden=\"true\" class=\"wp-block-spacer\"><\/div>\n\n\n\n<div class=\"wp-block-buttons aligncenter is-layout-flex wp-block-buttons-is-layout-flex\">\n<div class=\"wp-block-button\"><a class=\"wp-block-button__link has-text-color has-background\" href=\"http:\/\/www.rallu.fr\/index.php\/contact\/\" style=\"border-radius:2px;background-color:#801d25;color:#fffffa\">NOUS CONTACTER<\/a><\/div>\n<\/div>\n","protected":false},"excerpt":{"rendered":"","protected":false},"author":1,"featured_media":0,"parent":29,"menu_order":0,"comment_status":"closed","ping_status":"closed","template":"template-fullwidth.php","meta":{"footnotes":""},"class_list":["post-36","page","type-page","status-publish","hentry"],"_links":{"self":[{"href":"https:\/\/www.rallu.fr\/index.php\/wp-json\/wp\/v2\/pages\/36"}],"collection":[{"href":"https:\/\/www.rallu.fr\/index.php\/wp-json\/wp\/v2\/pages"}],"about":[{"href":"https:\/\/www.rallu.fr\/index.php\/wp-json\/wp\/v2\/types\/page"}],"author":[{"embeddable":true,"href":"https:\/\/www.rallu.fr\/index.php\/wp-json\/wp\/v2\/users\/1"}],"replies":[{"embeddable":true,"href":"https:\/\/www.rallu.fr\/index.php\/wp-json\/wp\/v2\/comments?post=36"}],"version-history":[{"count":4,"href":"https:\/\/www.rallu.fr\/index.php\/wp-json\/wp\/v2\/pages\/36\/revisions"}],"predecessor-version":[{"id":204,"href":"https:\/\/www.rallu.fr\/index.php\/wp-json\/wp\/v2\/pages\/36\/revisions\/204"}],"up":[{"embeddable":true,"href":"https:\/\/www.rallu.fr\/index.php\/wp-json\/wp\/v2\/pages\/29"}],"wp:attachment":[{"href":"https:\/\/www.rallu.fr\/index.php\/wp-json\/wp\/v2\/media?parent=36"}],"curies":[{"name":"wp","href":"https:\/\/api.w.org\/{rel}","templated":true}]}}