{"id":33,"date":"2021-03-31T14:36:59","date_gmt":"2021-03-31T12:36:59","guid":{"rendered":"http:\/\/www.rallu.fr\/?page_id=33"},"modified":"2021-04-08T10:05:15","modified_gmt":"2021-04-08T08:05:15","slug":"pilotage-de-vos-flux-france-et-europe","status":"publish","type":"page","link":"https:\/\/www.rallu.fr\/index.php\/transport\/pilotage-de-vos-flux-france-et-europe\/","title":{"rendered":"Pilotage de vos flux France et Europe"},"content":{"rendered":"\n<div class=\"wp-block-media-text alignwide has-media-on-the-right is-stacked-on-mobile\"><figure class=\"wp-block-media-text__media\"><img loading=\"lazy\" decoding=\"async\" width=\"800\" height=\"533\" src=\"http:\/\/www.rallu.fr\/wp-content\/uploads\/2021\/04\/pilotage-flux-france-europe.jpg\" alt=\"\" class=\"wp-image-146\" srcset=\"https:\/\/www.rallu.fr\/wp-content\/uploads\/2021\/04\/pilotage-flux-france-europe.jpg 800w, https:\/\/www.rallu.fr\/wp-content\/uploads\/2021\/04\/pilotage-flux-france-europe-300x200.jpg 300w, https:\/\/www.rallu.fr\/wp-content\/uploads\/2021\/04\/pilotage-flux-france-europe-768x512.jpg 768w\" sizes=\"(max-width: 800px) 100vw, 800px\" \/><\/figure><div class=\"wp-block-media-text__content\">\n<p><strong>RALLU Transports<\/strong>&nbsp;int\u00e8gre les commandes de ses clients et organise l\u2019acheminement des marchandises par le biais de son parc propre ou par un r\u00e9seau de confr\u00e8res r\u00e9f\u00e9renc\u00e9s dans sa base de donn\u00e9es, r\u00e9pondants aux cahiers des charges \u00e9tablis entre&nbsp;<strong>RALLU Transports<\/strong>&nbsp;et ses sous-traitants.<\/p>\n\n\n\n<p><strong>RALLU Transports<\/strong>&nbsp;met \u00e0 la disposition de sa client\u00e8le une cellule sp\u00e9cialis\u00e9e et centralis\u00e9e qui a pour mission de piloter l\u2019ensemble de la prestation et de s\u2019assurer du suivi qualitatif de l\u2019organisation des op\u00e9rations lui \u00e9tant confi\u00e9es.&nbsp;&nbsp;&nbsp;<\/p>\n<\/div><\/div>\n\n\n\n<div style=\"height:60px\" aria-hidden=\"true\" class=\"wp-block-spacer\"><\/div>\n\n\n\n<div class=\"wp-block-buttons aligncenter is-layout-flex wp-block-buttons-is-layout-flex\">\n<div class=\"wp-block-button\"><a class=\"wp-block-button__link has-text-color has-background\" href=\"http:\/\/www.rallu.fr\/index.php\/contact\/\" style=\"border-radius:2px;background-color:#801d25;color:#fffffa\">NOUS CONTACTER<\/a><\/div>\n<\/div>\n","protected":false},"excerpt":{"rendered":"<p>RALLU Transports&nbsp;int\u00e8gre les commandes de ses clients et organise l\u2019acheminement des marchandises par le biais de son parc propre ou par un r\u00e9seau de confr\u00e8res r\u00e9f\u00e9renc\u00e9s dans sa base de &#8230;<\/p>\n","protected":false},"author":1,"featured_media":0,"parent":29,"menu_order":0,"comment_status":"closed","ping_status":"closed","template":"template-fullwidth.php","meta":{"footnotes":""},"class_list":["post-33","page","type-page","status-publish","hentry"],"_links":{"self":[{"href":"https:\/\/www.rallu.fr\/index.php\/wp-json\/wp\/v2\/pages\/33"}],"collection":[{"href":"https:\/\/www.rallu.fr\/index.php\/wp-json\/wp\/v2\/pages"}],"about":[{"href":"https:\/\/www.rallu.fr\/index.php\/wp-json\/wp\/v2\/types\/page"}],"author":[{"embeddable":true,"href":"https:\/\/www.rallu.fr\/index.php\/wp-json\/wp\/v2\/users\/1"}],"replies":[{"embeddable":true,"href":"https:\/\/www.rallu.fr\/index.php\/wp-json\/wp\/v2\/comments?post=33"}],"version-history":[{"count":3,"href":"https:\/\/www.rallu.fr\/index.php\/wp-json\/wp\/v2\/pages\/33\/revisions"}],"predecessor-version":[{"id":180,"href":"https:\/\/www.rallu.fr\/index.php\/wp-json\/wp\/v2\/pages\/33\/revisions\/180"}],"up":[{"embeddable":true,"href":"https:\/\/www.rallu.fr\/index.php\/wp-json\/wp\/v2\/pages\/29"}],"wp:attachment":[{"href":"https:\/\/www.rallu.fr\/index.php\/wp-json\/wp\/v2\/media?parent=33"}],"curies":[{"name":"wp","href":"https:\/\/api.w.org\/{rel}","templated":true}]}}