{"id":31,"date":"2021-03-31T14:36:28","date_gmt":"2021-03-31T12:36:28","guid":{"rendered":"http:\/\/www.rallu.fr\/?page_id=31"},"modified":"2021-04-08T10:07:22","modified_gmt":"2021-04-08T08:07:22","slug":"transport-routier-de-marchandise-generale","status":"publish","type":"page","link":"https:\/\/www.rallu.fr\/index.php\/transport\/transport-routier-de-marchandise-generale\/","title":{"rendered":"Transport routier de marchandise g\u00e9n\u00e9rale"},"content":{"rendered":"\n<div class=\"wp-block-media-text alignwide has-media-on-the-right is-stacked-on-mobile\"><figure class=\"wp-block-media-text__media\"><img loading=\"lazy\" decoding=\"async\" width=\"800\" height=\"533\" src=\"http:\/\/www.rallu.fr\/wp-content\/uploads\/2021\/04\/transports-routiers-marchandises-generales.jpg\" alt=\"\" class=\"wp-image-140\" srcset=\"https:\/\/www.rallu.fr\/wp-content\/uploads\/2021\/04\/transports-routiers-marchandises-generales.jpg 800w, https:\/\/www.rallu.fr\/wp-content\/uploads\/2021\/04\/transports-routiers-marchandises-generales-300x200.jpg 300w, https:\/\/www.rallu.fr\/wp-content\/uploads\/2021\/04\/transports-routiers-marchandises-generales-768x512.jpg 768w\" sizes=\"(max-width: 800px) 100vw, 800px\" \/><\/figure><div class=\"wp-block-media-text__content\">\n<p><strong>Prise en charge de vos commandes de 1 \u00e0 33 palettes, du lot partiel au complet, sur toute France et Europe :<\/strong><\/p>\n\n\n\n<ul class=\"wp-block-list\"><li>Marchandise G\u00e9n\u00e9rale palettis\u00e9e,<\/li><li>M\u00e8tres Lin\u00e9aires de plancher,<\/li><li>Machines hors gabarit, longueurs,<\/li><li>Livraison petits colis centre-ville<\/li><\/ul>\n\n\n\n<p><\/p>\n<\/div><\/div>\n\n\n\n<div style=\"height:60px\" aria-hidden=\"true\" class=\"wp-block-spacer\"><\/div>\n\n\n\n<div class=\"wp-block-buttons aligncenter is-layout-flex wp-block-buttons-is-layout-flex\">\n<div class=\"wp-block-button\"><a class=\"wp-block-button__link has-text-color has-background\" href=\"http:\/\/www.rallu.fr\/index.php\/contact\/\" style=\"border-radius:2px;background-color:#801d25;color:#fffffa\">NOUS CONTACTER<\/a><\/div>\n<\/div>\n\n\n\n<p><\/p>\n","protected":false},"excerpt":{"rendered":"<p>Prise en charge de vos commandes de 1 \u00e0 33 palettes, du lot partiel au complet, sur toute France et Europe : Marchandise G\u00e9n\u00e9rale palettis\u00e9e, M\u00e8tres Lin\u00e9aires de plancher, Machines &#8230;<\/p>\n","protected":false},"author":1,"featured_media":0,"parent":29,"menu_order":0,"comment_status":"closed","ping_status":"closed","template":"template-fullwidth.php","meta":{"footnotes":""},"class_list":["post-31","page","type-page","status-publish","hentry"],"_links":{"self":[{"href":"https:\/\/www.rallu.fr\/index.php\/wp-json\/wp\/v2\/pages\/31"}],"collection":[{"href":"https:\/\/www.rallu.fr\/index.php\/wp-json\/wp\/v2\/pages"}],"about":[{"href":"https:\/\/www.rallu.fr\/index.php\/wp-json\/wp\/v2\/types\/page"}],"author":[{"embeddable":true,"href":"https:\/\/www.rallu.fr\/index.php\/wp-json\/wp\/v2\/users\/1"}],"replies":[{"embeddable":true,"href":"https:\/\/www.rallu.fr\/index.php\/wp-json\/wp\/v2\/comments?post=31"}],"version-history":[{"count":6,"href":"https:\/\/www.rallu.fr\/index.php\/wp-json\/wp\/v2\/pages\/31\/revisions"}],"predecessor-version":[{"id":181,"href":"https:\/\/www.rallu.fr\/index.php\/wp-json\/wp\/v2\/pages\/31\/revisions\/181"}],"up":[{"embeddable":true,"href":"https:\/\/www.rallu.fr\/index.php\/wp-json\/wp\/v2\/pages\/29"}],"wp:attachment":[{"href":"https:\/\/www.rallu.fr\/index.php\/wp-json\/wp\/v2\/media?parent=31"}],"curies":[{"name":"wp","href":"https:\/\/api.w.org\/{rel}","templated":true}]}}