{"id":227,"date":"2021-05-18T12:52:38","date_gmt":"2021-05-18T10:52:38","guid":{"rendered":"https:\/\/www.rallu.fr\/?page_id=227"},"modified":"2022-05-25T15:40:33","modified_gmt":"2022-05-25T13:40:33","slug":"le-groupe","status":"publish","type":"page","link":"https:\/\/www.rallu.fr\/index.php\/le-groupe\/","title":{"rendered":"Qui Somme-nous ?"},"content":{"rendered":"\n<h3 class=\"wp-block-heading\">Soci\u00e9t\u00e9 de Transport Maurice Bouvier (STMB)<\/h3>\n\n\n\n<p>Fond\u00e9 en 1974 par Maurice Bouvier et ses enfants Huguette Ambroise et Guy Bouvier.<\/p>\n\n\n\n<p>STMB est dor\u00e9navant une holding maintenant compos\u00e9 de 6 entit\u00e9s qui sont&nbsp;:<\/p>\n\n\n\n<div class=\"wp-block-media-text alignwide has-media-on-the-right is-stacked-on-mobile\" style=\"grid-template-columns:auto 31%\"><figure class=\"wp-block-media-text__media\"><img loading=\"lazy\" decoding=\"async\" width=\"600\" height=\"315\" src=\"https:\/\/www.rallu.fr\/wp-content\/uploads\/2021\/05\/i81hkpbnamy8qskxmo8k.jpg\" alt=\"\" class=\"wp-image-240\" srcset=\"https:\/\/www.rallu.fr\/wp-content\/uploads\/2021\/05\/i81hkpbnamy8qskxmo8k.jpg 600w, https:\/\/www.rallu.fr\/wp-content\/uploads\/2021\/05\/i81hkpbnamy8qskxmo8k-300x158.jpg 300w\" sizes=\"(max-width: 600px) 100vw, 600px\" \/><\/figure><div class=\"wp-block-media-text__content\">\n<ul class=\"wp-block-list\"><li><strong>Ambroise Bouvier Transports (ABT) :<\/strong> Maison m\u00e8re d&rsquo;Ambroise Bouvier Froid et Ambroise Bouvier Bretagne (Hery).<\/li><\/ul>\n\n\n\n<p class=\"has-text-align-center\">site <a href=\"https:\/\/www.ambroise-bouvier.com\/\" data-type=\"URL\" data-id=\"https:\/\/www.ambroise-bouvier.com\/\" target=\"_blank\" rel=\"noreferrer noopener\">Ambroise Bouvier Transports<\/a><\/p>\n<\/div><\/div>\n\n\n\n<div class=\"wp-block-media-text alignwide has-media-on-the-right is-stacked-on-mobile\" style=\"grid-template-columns:auto 31%\"><figure class=\"wp-block-media-text__media\"><img loading=\"lazy\" decoding=\"async\" width=\"1024\" height=\"298\" src=\"https:\/\/www.rallu.fr\/wp-content\/uploads\/2021\/05\/AMBROISE-BOUVIER-FROID-CMJN-1024x298.png\" alt=\"\" class=\"wp-image-241\" srcset=\"https:\/\/www.rallu.fr\/wp-content\/uploads\/2021\/05\/AMBROISE-BOUVIER-FROID-CMJN-1024x298.png 1024w, https:\/\/www.rallu.fr\/wp-content\/uploads\/2021\/05\/AMBROISE-BOUVIER-FROID-CMJN-300x87.png 300w, https:\/\/www.rallu.fr\/wp-content\/uploads\/2021\/05\/AMBROISE-BOUVIER-FROID-CMJN-768x223.png 768w, https:\/\/www.rallu.fr\/wp-content\/uploads\/2021\/05\/AMBROISE-BOUVIER-FROID-CMJN-1536x447.png 1536w, https:\/\/www.rallu.fr\/wp-content\/uploads\/2021\/05\/AMBROISE-BOUVIER-FROID-CMJN.png 1837w\" sizes=\"(max-width: 1024px) 100vw, 1024px\" \/><\/figure><div class=\"wp-block-media-text__content\">\n<ul class=\"wp-block-list\"><li><strong>Ambroise Bouvier Froid (ABF) :<\/strong> Branche sp\u00e9cialis\u00e9e dans le transport frigorifique et \u00e0 temp\u00e9rature r\u00e9gul\u00e9e.<\/li><\/ul>\n\n\n\n<p><\/p>\n<\/div><\/div>\n\n\n\n<div class=\"wp-block-media-text alignwide has-media-on-the-right is-stacked-on-mobile\" style=\"grid-template-columns:auto 23%\"><figure class=\"wp-block-media-text__media\"><img loading=\"lazy\" decoding=\"async\" width=\"1024\" height=\"478\" src=\"https:\/\/www.rallu.fr\/wp-content\/uploads\/2021\/05\/HERY-CMJN-1024x478.png\" alt=\"\" class=\"wp-image-244\" srcset=\"https:\/\/www.rallu.fr\/wp-content\/uploads\/2021\/05\/HERY-CMJN-1024x478.png 1024w, https:\/\/www.rallu.fr\/wp-content\/uploads\/2021\/05\/HERY-CMJN-300x140.png 300w, https:\/\/www.rallu.fr\/wp-content\/uploads\/2021\/05\/HERY-CMJN-768x359.png 768w, https:\/\/www.rallu.fr\/wp-content\/uploads\/2021\/05\/HERY-CMJN.png 1143w\" sizes=\"(max-width: 1024px) 100vw, 1024px\" \/><\/figure><div class=\"wp-block-media-text__content\">\n<div class=\"wp-block-image\"><figure class=\"alignright size-large is-resized\"><img loading=\"lazy\" decoding=\"async\" src=\"https:\/\/www.rallu.fr\/wp-content\/uploads\/2021\/05\/i81hkpbnamy8qskxmo8k-2.jpg\" alt=\"\" class=\"wp-image-245\" width=\"296\" height=\"155\"\/><\/figure><\/div>\n\n\n\n<ul class=\"wp-block-list\"><li><strong>Ambroise Bouvier Bretagne (ABB) : <\/strong>Branche sp\u00e9cialis\u00e9e dans le transport en Bretagne, dans toute la France et en Italie.<\/li><\/ul>\n\n\n\n<p><\/p>\n<\/div><\/div>\n\n\n\n<div class=\"wp-block-media-text alignwide has-media-on-the-right is-stacked-on-mobile\" style=\"grid-template-columns:auto 30%\"><figure class=\"wp-block-media-text__media\"><img loading=\"lazy\" decoding=\"async\" width=\"563\" height=\"313\" src=\"https:\/\/www.rallu.fr\/wp-content\/uploads\/2021\/05\/Adherents-logos_LE-RAY-3.jpg\" alt=\"\" class=\"wp-image-236\" srcset=\"https:\/\/www.rallu.fr\/wp-content\/uploads\/2021\/05\/Adherents-logos_LE-RAY-3.jpg 563w, https:\/\/www.rallu.fr\/wp-content\/uploads\/2021\/05\/Adherents-logos_LE-RAY-3-300x167.jpg 300w\" sizes=\"(max-width: 563px) 100vw, 563px\" \/><\/figure><div class=\"wp-block-media-text__content\">\n<ul class=\"wp-block-list\"><li><strong>Le Ray Transports &amp; Logistique :<\/strong> Entreprise de Plo\u00ebrmel (56) rachet\u00e9e par STMB en 2012. Dor\u00e9navant, Le Ray est la branche logistique du groupe Ambroise Bouvier.<\/li><\/ul>\n\n\n\n<p class=\"has-text-align-center\">Site<a href=\"http:\/\/www.le-ray-logistique.fr\/\" data-type=\"URL\" data-id=\"http:\/\/www.le-ray-logistique.fr\/\" target=\"_blank\" rel=\"noreferrer noopener\"> Le Ray Transports &amp; Logistique<\/a><\/p>\n<\/div><\/div>\n\n\n\n<div class=\"wp-block-media-text alignwide has-media-on-the-right is-stacked-on-mobile\" style=\"grid-template-columns:auto 30%\"><figure class=\"wp-block-media-text__media\"><img loading=\"lazy\" decoding=\"async\" width=\"618\" height=\"258\" src=\"https:\/\/www.rallu.fr\/wp-content\/uploads\/2021\/05\/AQI-BLEU-1.png\" alt=\"\" class=\"wp-image-238\" srcset=\"https:\/\/www.rallu.fr\/wp-content\/uploads\/2021\/05\/AQI-BLEU-1.png 618w, https:\/\/www.rallu.fr\/wp-content\/uploads\/2021\/05\/AQI-BLEU-1-300x125.png 300w\" sizes=\"(max-width: 618px) 100vw, 618px\" \/><\/figure><div class=\"wp-block-media-text__content\">\n<ul class=\"wp-block-list\"><li><strong>AQI&nbsp;:<\/strong> Filiale cr\u00e9\u00e9e en 2018 \u00e0 Rez\u00e9 (44), Sp\u00e9cialis\u00e9e dans le transport \u00e0 l&rsquo;international (B\u00e9n\u00e9lux, Russie, \u2026).<\/li><\/ul>\n\n\n\n<p class=\"has-text-align-center\">Site <a href=\"https:\/\/transportsaqi.fr\/\" data-type=\"URL\" data-id=\"https:\/\/transportsaqi.fr\/\" target=\"_blank\" rel=\"noreferrer noopener\">AQI<\/a><\/p>\n<\/div><\/div>\n","protected":false},"excerpt":{"rendered":"<p>Soci\u00e9t\u00e9 de Transport Maurice Bouvier (STMB) Fond\u00e9 en 1974 par Maurice Bouvier et ses enfants Huguette Ambroise et Guy Bouvier. STMB est dor\u00e9navant une holding maintenant compos\u00e9 de 6 entit\u00e9s &#8230;<\/p>\n","protected":false},"author":1,"featured_media":0,"parent":0,"menu_order":0,"comment_status":"closed","ping_status":"closed","template":"template-fullwidth.php","meta":{"footnotes":""},"class_list":["post-227","page","type-page","status-publish","hentry"],"_links":{"self":[{"href":"https:\/\/www.rallu.fr\/index.php\/wp-json\/wp\/v2\/pages\/227"}],"collection":[{"href":"https:\/\/www.rallu.fr\/index.php\/wp-json\/wp\/v2\/pages"}],"about":[{"href":"https:\/\/www.rallu.fr\/index.php\/wp-json\/wp\/v2\/types\/page"}],"author":[{"embeddable":true,"href":"https:\/\/www.rallu.fr\/index.php\/wp-json\/wp\/v2\/users\/1"}],"replies":[{"embeddable":true,"href":"https:\/\/www.rallu.fr\/index.php\/wp-json\/wp\/v2\/comments?post=227"}],"version-history":[{"count":10,"href":"https:\/\/www.rallu.fr\/index.php\/wp-json\/wp\/v2\/pages\/227\/revisions"}],"predecessor-version":[{"id":269,"href":"https:\/\/www.rallu.fr\/index.php\/wp-json\/wp\/v2\/pages\/227\/revisions\/269"}],"wp:attachment":[{"href":"https:\/\/www.rallu.fr\/index.php\/wp-json\/wp\/v2\/media?parent=227"}],"curies":[{"name":"wp","href":"https:\/\/api.w.org\/{rel}","templated":true}]}}